{"id":1080,"date":"2026-01-07T11:38:46","date_gmt":"2026-01-07T17:38:46","guid":{"rendered":"https:\/\/proyectosuri.org\/transformarte\/?page_id=1080"},"modified":"2026-02-10T16:56:12","modified_gmt":"2026-02-10T22:56:12","slug":"nosotros","status":"publish","type":"page","link":"https:\/\/proyectosuri.org\/transformarte\/nosotros\/","title":{"rendered":"Nosotros"},"content":{"rendered":"\t\t<div data-elementor-type=\"wp-page\" data-elementor-id=\"1080\" class=\"elementor elementor-1080\" data-elementor-post-type=\"page\">\n\t\t\t\t<div class=\"elementor-element elementor-element-c28e675 e-flex e-con-boxed e-con e-parent\" data-id=\"c28e675\" data-element_type=\"container\" data-settings=\"{&quot;background_background&quot;:&quot;classic&quot;}\">\n\t\t\t\t\t<div class=\"e-con-inner\">\n\t\t<div class=\"elementor-element elementor-element-06dbeb6 e-con-full e-flex e-con e-child\" data-id=\"06dbeb6\" data-element_type=\"container\">\n\t\t<div class=\"elementor-element elementor-element-bc6e436 e-con-full e-flex e-con e-child\" data-id=\"bc6e436\" data-element_type=\"container\">\n\t\t\t\t<div class=\"elementor-element elementor-element-db4e53b elementor-widget elementor-widget-shortcode\" data-id=\"db4e53b\" data-element_type=\"widget\" data-widget_type=\"shortcode.default\">\n\t\t\t\t\t\t\t<div class=\"elementor-shortcode\"><script type=\"text\/javascript\">jQuery(function() { _initLayerSlider( '#layerslider_4_1bd0ufdciet1a', {sliderVersion: '7.14.4', type: 'fullwidth', allowFullscreen: true, pauseOnHover: 'enabled', skin: 'v6', sliderFadeInDuration: 350, navStartStop: false, showCircleTimer: false, useSrcset: true, skinsPath: 'https:\/\/proyectosuri.org\/transformarte\/wp-content\/plugins\/LayerSlider\/assets\/static\/layerslider\/skins\/', performanceMode: true}); });<\/script><div id=\"layerslider_4_1bd0ufdciet1a\"  class=\"ls-wp-container fitvidsignore ls-selectable\" style=\"width:1280px;height:400px;margin:0 auto;margin-bottom: 0px;\"><div class=\"ls-slide\" data-ls=\"bgposition:50% 50%;duration:6000;transition2d:5;\"><img fetchpriority=\"high\" decoding=\"async\" width=\"2560\" height=\"800\" src=\"https:\/\/proyectosuri.org\/transformarte\/wp-content\/uploads\/sites\/2\/2026\/02\/Corporativo-02.webp\" class=\"ls-bg\" alt=\"Corporativo\" srcset=\"https:\/\/proyectosuri.org\/transformarte\/wp-content\/uploads\/sites\/2\/2026\/02\/Corporativo-02.webp 2560w, https:\/\/proyectosuri.org\/transformarte\/wp-content\/uploads\/sites\/2\/2026\/02\/Corporativo-02-300x94.webp 300w, https:\/\/proyectosuri.org\/transformarte\/wp-content\/uploads\/sites\/2\/2026\/02\/Corporativo-02-1024x320.webp 1024w, https:\/\/proyectosuri.org\/transformarte\/wp-content\/uploads\/sites\/2\/2026\/02\/Corporativo-02-768x240.webp 768w, https:\/\/proyectosuri.org\/transformarte\/wp-content\/uploads\/sites\/2\/2026\/02\/Corporativo-02-1536x480.webp 1536w, https:\/\/proyectosuri.org\/transformarte\/wp-content\/uploads\/sites\/2\/2026\/02\/Corporativo-02-2048x640.webp 2048w, https:\/\/proyectosuri.org\/transformarte\/wp-content\/uploads\/sites\/2\/2026\/02\/Corporativo-02-600x188.webp 600w\" sizes=\"(max-width: 2560px) 100vw, 2560px\" \/><a style=\"\" class=\"ls-l\" href=\"https:\/\/proyectosuri.org\/transformarte\/tienda\/\" target=\"_self\"><ls-layer style=\"padding-top:0.7em;padding-bottom:0.7em;padding-right:1.85em;padding-left:1.85em;font-family:roboto;font-size:17px;font-weight:600;background-color:#333;color:#fff;border-radius:10em;top:289px;left:147px;text-align:center;text-transform:uppercase;\" class=\"ls-button-layer\">Comprar con prop\u00f3sito<\/ls-layer><\/a><ls-layer style=\"top:180px;left:64px;font-family:roboto;font-size:47px;line-height:45px;text-align:center;font-weight:700;color:#ff9e0d;\" class=\"ls-l ls-text-layer\">Regalar bien tambi\u00e9n<br>es transformar<\/ls-layer><img decoding=\"async\" width=\"111\" height=\"80\" src=\"https:\/\/proyectosuri.org\/transformarte\/wp-content\/uploads\/sites\/2\/2025\/10\/mariposa-naranja.png\" class=\"ls-l ls-img-layer\" alt=\"\" style=\"top:81px;left:236px;\"><\/div><\/div><\/div>\n\t\t\t\t\t\t<\/div>\n\t\t\t\t<\/div>\n\t\t\t\t<\/div>\n\t\t\t\t\t<\/div>\n\t\t\t\t<\/div>\n\t\t<div class=\"elementor-element elementor-element-b72a770 e-flex e-con-boxed e-con e-parent\" data-id=\"b72a770\" data-element_type=\"container\">\n\t\t\t\t\t<div class=\"e-con-inner\">\n\t\t<div class=\"elementor-element elementor-element-904a937 e-con-full e-flex e-con e-child\" data-id=\"904a937\" data-element_type=\"container\">\n\t\t\t\t<div class=\"elementor-element elementor-element-3e78966 elementor-widget elementor-widget-heading\" data-id=\"3e78966\" data-element_type=\"widget\" data-widget_type=\"heading.default\">\n\t\t\t\t\t<h1 class=\"elementor-heading-title elementor-size-default\">Un camino hacia el cambio: Transformarte<\/h1>\t\t\t\t<\/div>\n\t\t\t\t<div class=\"elementor-element elementor-element-2321b31 elementor-headline--style-highlight elementor-widget elementor-widget-animated-headline\" data-id=\"2321b31\" data-element_type=\"widget\" data-settings=\"{&quot;highlighted_text&quot;:&quot;realidad&quot;,&quot;headline_style&quot;:&quot;highlight&quot;,&quot;marker&quot;:&quot;circle&quot;,&quot;loop&quot;:&quot;yes&quot;,&quot;highlight_animation_duration&quot;:1200,&quot;highlight_iteration_delay&quot;:8000}\" data-widget_type=\"animated-headline.default\">\n\t\t\t\t\t\t\t<h3 class=\"elementor-headline\">\n\t\t\t\t\t<span class=\"elementor-headline-plain-text elementor-headline-text-wrapper\">Un sue\u00f1o hecho<\/span>\n\t\t\t\t<span class=\"elementor-headline-dynamic-wrapper elementor-headline-text-wrapper\">\n\t\t\t\t\t<span class=\"elementor-headline-dynamic-text elementor-headline-text-active\">realidad<\/span>\n\t\t\t\t<\/span>\n\t\t\t\t<\/h3>\n\t\t\t\t\t\t<\/div>\n\t\t\t\t<div class=\"elementor-element elementor-element-e91683e elementor-widget elementor-widget-text-editor\" data-id=\"e91683e\" data-element_type=\"widget\" data-widget_type=\"text-editor.default\">\n\t\t\t\t\t\t\t\t\t<p>Historias reales de mujeres que transformaron su vida gracias a la educaci\u00f3n y las oportunidades.<\/p>\t\t\t\t\t\t\t\t<\/div>\n\t\t\t\t<div class=\"elementor-element elementor-element-e679b85 elementor-widget elementor-widget-heading\" data-id=\"e679b85\" data-element_type=\"widget\" data-widget_type=\"heading.default\">\n\t\t\t\t\t<h2 class=\"elementor-heading-title elementor-size-default\">Sobre Proyecto Sur\u00ed<\/h2>\t\t\t\t<\/div>\n\t\t\t\t<div class=\"elementor-element elementor-element-8ed0c10 elementor-widget elementor-widget-text-editor\" data-id=\"8ed0c10\" data-element_type=\"widget\" data-widget_type=\"text-editor.default\">\n\t\t\t\t\t\t\t\t\t<p>Por m\u00e1s de <b>60<\/b> a\u00f1os, Proyecto Sur\u00ed ha trabajado para romper el ciclo de pobreza a trav\u00e9s de la educaci\u00f3n. Ofreciendo acceso al <b>Colegio T\u00e9cnico<\/b> y al <b>Centro de Capacitaci\u00f3n,<\/b> Proyecto Sur\u00ed ayuda a desarrollar las habilidades y la confianza necesarias para conseguir empleos significativos, apoyar a sus familias y transformar comunidades enteras.<\/p>\t\t\t\t\t\t\t\t<\/div>\n\t\t\t\t<div class=\"elementor-element elementor-element-2bad8e8 elementor-widget elementor-widget-text-editor\" data-id=\"2bad8e8\" data-element_type=\"widget\" data-widget_type=\"text-editor.default\">\n\t\t\t\t\t\t\t\t\tEstamos ubicados en <b>Pavas, Costa Rica,<\/b> una comunidad que enfrenta altos \u00edndices de analfabetismo y bajos niveles educativos, donde el <b>52,3%<\/b> de la poblaci\u00f3n son mujeres y el <b>27,7%<\/b> de los hogares est\u00e1n liderados por madres solteras.\t\t\t\t\t\t\t\t<\/div>\n\t\t\t\t<div class=\"elementor-element elementor-element-bc269e3 elementor-widget elementor-widget-text-editor\" data-id=\"bc269e3\" data-element_type=\"widget\" data-widget_type=\"text-editor.default\">\n\t\t\t\t\t\t\t\t\tRespondemos directamente a estos desaf\u00edos brindando <b>educaci\u00f3n pr\u00e1ctica y de alta calidad<\/b> que equipa a las mujeres con herramientas para ingresar a carreras llenas de oportunidades.\t\t\t\t\t\t\t\t<\/div>\n\t\t\t\t<div class=\"elementor-element elementor-element-4c529fb elementor-blockquote--skin-border elementor-widget elementor-widget-blockquote\" data-id=\"4c529fb\" data-element_type=\"widget\" data-widget_type=\"blockquote.default\">\n\t\t\t\t\t\t\t<blockquote class=\"elementor-blockquote\">\n\t\t\t<p class=\"elementor-blockquote__content\">\n\t\t\t\t\u201cA trav\u00e9s de nuestro Centro de Capacitaci\u00f3n, las mujeres pueden cursar programas pr\u00e1cticos en \u00e1reas como gastronom\u00eda, belleza, costura y asistencia a personas adultas mayores.\u201d\t\t\t<\/p>\n\t\t\t\t\t<\/blockquote>\n\t\t\t\t\t\t<\/div>\n\t\t\t\t<div class=\"elementor-element elementor-element-ad8006b elementor-widget elementor-widget-text-editor\" data-id=\"ad8006b\" data-element_type=\"widget\" data-widget_type=\"text-editor.default\">\n\t\t\t\t\t\t\t\t\t<p>Estos programas abren puertas al emprendimiento y a mejores oportunidades laborales. Al graduarse, las mujeres tienen la posibilidad de unirse a Transformarte.<\/p>\t\t\t\t\t\t\t\t<\/div>\n\t\t\t\t<\/div>\n\t\t\t\t\t<\/div>\n\t\t\t\t<\/div>\n\t\t<div class=\"elementor-element elementor-element-5b8f217 e-flex e-con-boxed e-con e-parent\" data-id=\"5b8f217\" data-element_type=\"container\" data-settings=\"{&quot;background_background&quot;:&quot;classic&quot;}\">\n\t\t\t\t\t<div class=\"e-con-inner\">\n\t\t<div class=\"elementor-element elementor-element-a6d0b0c e-con-full e-flex e-con e-child\" data-id=\"a6d0b0c\" data-element_type=\"container\" data-settings=\"{&quot;background_background&quot;:&quot;classic&quot;}\">\n\t\t\t\t<div class=\"elementor-element elementor-element-9ac4994 elementor-widget elementor-widget-heading\" data-id=\"9ac4994\" data-element_type=\"widget\" data-widget_type=\"heading.default\">\n\t\t\t\t\t<h2 class=\"elementor-heading-title elementor-size-default\">Nuestra soluci\u00f3n<\/h2>\t\t\t\t<\/div>\n\t\t\t\t<div class=\"elementor-element elementor-element-f545099 elementor-widget elementor-widget-text-editor\" data-id=\"f545099\" data-element_type=\"widget\" data-widget_type=\"text-editor.default\">\n\t\t\t\t\t\t\t\t\t<p>Fundada en 2019 por Proyecto Sur\u00ed, Transformarte se ha convertido en un camino hacia el cambio, desafiando las barreras sist\u00e9micas que enfrentan muchas mujeres en Pavas, como el acceso limitado a oportunidades para generar ingresos y los impactos persistentes de la pobreza intergeneracional.<\/p>\t\t\t\t\t\t\t\t<\/div>\n\t\t\t\t<div class=\"elementor-element elementor-element-95cd7ff elementor-widget elementor-widget-text-editor\" data-id=\"95cd7ff\" data-element_type=\"widget\" data-widget_type=\"text-editor.default\">\n\t\t\t\t\t\t\t\t\t<p>Al mismo tiempo, Transformarte promueve la sostenibilidad ambiental mediante pr\u00e1cticas conscientes, priorizando la reducci\u00f3n de desechos, la reutilizaci\u00f3n y el reciclaje de materiales donados para convertirlos en productos artesanales.<\/p>\t\t\t\t\t\t\t\t<\/div>\n\t\t\t\t<div class=\"elementor-element elementor-element-058b8ec elementor-widget elementor-widget-text-editor\" data-id=\"058b8ec\" data-element_type=\"widget\" data-widget_type=\"text-editor.default\">\n\t\t\t\t\t\t\t\t\t<p>Transformarte brinda a las mujeres no solo habilidades, conocimientos y confianza, sino tambi\u00e9n herramientas, espacio de trabajo y oportunidades para generar ingresos, sin la carga de costos financieros o de equipo.<\/p>\t\t\t\t\t\t\t\t<\/div>\n\t\t\t\t<\/div>\n\t\t\t\t\t<\/div>\n\t\t\t\t<\/div>\n\t\t<div class=\"elementor-element elementor-element-6acb5ff e-flex e-con-boxed e-con e-parent\" data-id=\"6acb5ff\" data-element_type=\"container\">\n\t\t\t\t\t<div class=\"e-con-inner\">\n\t\t<div class=\"elementor-element elementor-element-891c333 e-con-full e-flex e-con e-child\" data-id=\"891c333\" data-element_type=\"container\">\n\t\t\t\t<div class=\"elementor-element elementor-element-fb22841 elementor-widget elementor-widget-heading\" data-id=\"fb22841\" data-element_type=\"widget\" data-widget_type=\"heading.default\">\n\t\t\t\t\t<h2 class=\"elementor-heading-title elementor-size-default\">Tu impacto<\/h2>\t\t\t\t<\/div>\n\t\t\t\t<div class=\"elementor-element elementor-element-61b3342 elementor-widget elementor-widget-text-editor\" data-id=\"61b3342\" data-element_type=\"widget\" data-widget_type=\"text-editor.default\">\n\t\t\t\t\t\t\t\t\tCada compra en Transformarte <b>\u2014 ya sea un bolso hecho a mano o un servicio \u2014<\/b> apoya directamente nuestra misi\u00f3n. Tu contribuci\u00f3n se reinvierte en <b>programas de capacitaci\u00f3n y becas,<\/b> y tambi\u00e9n regresa a las mujeres artesanas, alimentando un ciclo de <b>empoderamiento, oportunidad y sostenibilidad.<\/b>\t\t\t\t\t\t\t\t<\/div>\n\t\t\t\t<div class=\"elementor-element elementor-element-d5b3749 elementor-widget elementor-widget-text-editor\" data-id=\"d5b3749\" data-element_type=\"widget\" data-widget_type=\"text-editor.default\">\n\t\t\t\t\t\t\t\t\tTu apoyo ayuda a las mujeres a mejorar sus condiciones de vida y convertir sus sue\u00f1os en realidad. <b>Pero el impacto no termina ah\u00ed: al invertir en mujeres hoy, tambi\u00e9n est\u00e1s invirtiendo en las generaciones futuras.<\/b>\t\t\t\t\t\t\t\t<\/div>\n\t\t\t\t<div class=\"elementor-element elementor-element-d35264c elementor-blockquote--skin-border elementor-widget elementor-widget-blockquote\" data-id=\"d35264c\" data-element_type=\"widget\" data-widget_type=\"blockquote.default\">\n\t\t\t\t\t\t\t<blockquote class=\"elementor-blockquote\">\n\t\t\t<p class=\"elementor-blockquote__content\">\n\t\t\t\tMujeres educadas y empoderadas elevan a sus familias y se convierten en modelos a seguir para sus hijos, creando un cambio significativo y duradero.\t\t\t<\/p>\n\t\t\t\t\t<\/blockquote>\n\t\t\t\t\t\t<\/div>\n\t\t\t\t<\/div>\n\t\t\t\t\t<\/div>\n\t\t\t\t<\/div>\n\t\t<div class=\"elementor-element elementor-element-9d6cde5 e-flex e-con-boxed e-con e-parent\" data-id=\"9d6cde5\" data-element_type=\"container\">\n\t\t\t\t\t<div class=\"e-con-inner\">\n\t\t\t\t<div class=\"elementor-element elementor-element-4e76e7e elementor-widget elementor-widget-heading\" data-id=\"4e76e7e\" data-element_type=\"widget\" data-widget_type=\"heading.default\">\n\t\t\t\t\t<h2 class=\"elementor-heading-title elementor-size-default\">Historias que inspiran<\/h2>\t\t\t\t<\/div>\n\t\t\t\t\t<\/div>\n\t\t\t\t<\/div>\n\t\t<div class=\"elementor-element elementor-element-350744b e-flex e-con-boxed e-con e-parent\" data-id=\"350744b\" data-element_type=\"container\">\n\t\t\t\t\t<div class=\"e-con-inner\">\n\t\t<div class=\"elementor-element elementor-element-ecca443 e-con-full e-flex e-con e-child\" data-id=\"ecca443\" data-element_type=\"container\">\n\t\t<div class=\"elementor-element elementor-element-7b51738 e-con-full e-flex e-con e-child\" data-id=\"7b51738\" data-element_type=\"container\">\n\t\t\t\t<div class=\"elementor-element elementor-element-04aa072 elementor-position-top elementor-widget elementor-widget-image-box\" data-id=\"04aa072\" data-element_type=\"widget\" data-widget_type=\"image-box.default\">\n\t\t\t\t\t<div class=\"elementor-image-box-wrapper\"><figure class=\"elementor-image-box-img\"><img decoding=\"async\" width=\"1130\" height=\"745\" src=\"https:\/\/proyectosuri.org\/transformarte\/wp-content\/uploads\/sites\/2\/2026\/01\/Historia-de-Kattia.webp\" class=\"attachment-full size-full wp-image-1200\" alt=\"Historia-de-Kattia\" srcset=\"https:\/\/proyectosuri.org\/transformarte\/wp-content\/uploads\/sites\/2\/2026\/01\/Historia-de-Kattia.webp 1130w, https:\/\/proyectosuri.org\/transformarte\/wp-content\/uploads\/sites\/2\/2026\/01\/Historia-de-Kattia-300x198.webp 300w, https:\/\/proyectosuri.org\/transformarte\/wp-content\/uploads\/sites\/2\/2026\/01\/Historia-de-Kattia-1024x675.webp 1024w, https:\/\/proyectosuri.org\/transformarte\/wp-content\/uploads\/sites\/2\/2026\/01\/Historia-de-Kattia-768x506.webp 768w, https:\/\/proyectosuri.org\/transformarte\/wp-content\/uploads\/sites\/2\/2026\/01\/Historia-de-Kattia-600x396.webp 600w\" sizes=\"(max-width: 1130px) 100vw, 1130px\" \/><\/figure><div class=\"elementor-image-box-content\"><h3 class=\"elementor-image-box-title\">La Historia de Kattia<\/h3><p class=\"elementor-image-box-description\">Kattia, una mujer resiliente de Aserr\u00ed, enfrent\u00f3 una profunda crisis emocional que la llev\u00f3 a la depresi\u00f3n. Buscando una salida, se uni\u00f3 a Transformarte, una empresa social fundada por Proyecto Sur\u00ed, y comenz\u00f3 a coser bolsos todos los d\u00edas.\n<\/br><\/br>\nGracias a su dedicaci\u00f3n y constancia, Kattia encontr\u00f3 m\u00e1s que una rutina: descubri\u00f3 un prop\u00f3sito. Poco a poco reemplaz\u00f3 la desesperanza por nuevos sue\u00f1os y metas personales.\n<\/br><\/br>\nLos ingresos que obtuvo creando y vendiendo bolsos a trav\u00e9s de Transformarte ayudaron a sostener a su familia y financiar la educaci\u00f3n superior de su hija. Hoy, su hija es una orgullosa graduada con un empleo estable, un testimonio de la fortaleza de Katia y del poder transformador de las oportunidades.<\/p><\/div><\/div>\t\t\t\t<\/div>\n\t\t\t\t<\/div>\n\t\t<div class=\"elementor-element elementor-element-ea27e32 e-con-full e-flex e-con e-child\" data-id=\"ea27e32\" data-element_type=\"container\">\n\t\t\t\t<div class=\"elementor-element elementor-element-cd6da04 elementor-position-top elementor-widget elementor-widget-image-box\" data-id=\"cd6da04\" data-element_type=\"widget\" data-widget_type=\"image-box.default\">\n\t\t\t\t\t<div class=\"elementor-image-box-wrapper\"><figure class=\"elementor-image-box-img\"><img loading=\"lazy\" decoding=\"async\" width=\"1130\" height=\"745\" src=\"https:\/\/proyectosuri.org\/transformarte\/wp-content\/uploads\/sites\/2\/2026\/01\/Historia-de-Olga.webp\" class=\"attachment-full size-full wp-image-1201\" alt=\"\" srcset=\"https:\/\/proyectosuri.org\/transformarte\/wp-content\/uploads\/sites\/2\/2026\/01\/Historia-de-Olga.webp 1130w, https:\/\/proyectosuri.org\/transformarte\/wp-content\/uploads\/sites\/2\/2026\/01\/Historia-de-Olga-300x198.webp 300w, https:\/\/proyectosuri.org\/transformarte\/wp-content\/uploads\/sites\/2\/2026\/01\/Historia-de-Olga-1024x675.webp 1024w, https:\/\/proyectosuri.org\/transformarte\/wp-content\/uploads\/sites\/2\/2026\/01\/Historia-de-Olga-768x506.webp 768w, https:\/\/proyectosuri.org\/transformarte\/wp-content\/uploads\/sites\/2\/2026\/01\/Historia-de-Olga-600x396.webp 600w\" sizes=\"(max-width: 1130px) 100vw, 1130px\" \/><\/figure><div class=\"elementor-image-box-content\"><h3 class=\"elementor-image-box-title\">La Historia de Olga<\/h3><p class=\"elementor-image-box-description\">Olga fue una de las primeras mujeres en participar en Transformarte. Desde el inicio se destac\u00f3 como una luchadora, determinada a sacar adelante a su familia sin importar los obst\u00e1culos.\n<\/br><\/br>\nTras jubilarse, la vida dio un giro inesperado: Olga se convirti\u00f3 en la principal cuidadora de su amado nieto, un rol que asumi\u00f3 con amor y determinaci\u00f3n. Para apoyarlo, continu\u00f3 elaborando y vendiendo bolsos a trav\u00e9s de Transformarte.\n<\/br><\/br>\nSiempre generosa y comprometida, Olga ha participado en cada oportunidad de producci\u00f3n disponible. Su presencia se distingue por la amabilidad, la atenci\u00f3n y una \u00e9tica de trabajo incansable. Ella encarna el esp\u00edritu de Transformarte: valiente, solidaria y profundamente arraigada en la comunidad.<\/p><\/div><\/div>\t\t\t\t<\/div>\n\t\t\t\t<\/div>\n\t\t\t\t<\/div>\n\t\t\t\t\t<\/div>\n\t\t\t\t<\/div>\n\t\t\t\t<\/div>\n\t\t","protected":false},"excerpt":{"rendered":"<p>Un camino hacia el cambio: Transformarte Un sue\u00f1o hecho realidad Historias reales de mujeres que transformaron su vida gracias a la educaci\u00f3n y las oportunidades. Sobre Proyecto Sur\u00ed Por m\u00e1s de 60 a\u00f1os, Proyecto Sur\u00ed ha trabajado para romper el ciclo de pobreza a trav\u00e9s de la educaci\u00f3n. Ofreciendo acceso al Colegio T\u00e9cnico y al [&hellip;]<\/p>\n","protected":false},"author":1,"featured_media":0,"parent":0,"menu_order":0,"comment_status":"closed","ping_status":"closed","template":"","meta":{"_acf_changed":false,"cybocfi_hide_featured_image":"","footnotes":""},"class_list":["post-1080","page","type-page","status-publish","hentry"],"acf":[],"_links":{"self":[{"href":"https:\/\/proyectosuri.org\/transformarte\/wp-json\/wp\/v2\/pages\/1080","targetHints":{"allow":["GET"]}}],"collection":[{"href":"https:\/\/proyectosuri.org\/transformarte\/wp-json\/wp\/v2\/pages"}],"about":[{"href":"https:\/\/proyectosuri.org\/transformarte\/wp-json\/wp\/v2\/types\/page"}],"author":[{"embeddable":true,"href":"https:\/\/proyectosuri.org\/transformarte\/wp-json\/wp\/v2\/users\/1"}],"replies":[{"embeddable":true,"href":"https:\/\/proyectosuri.org\/transformarte\/wp-json\/wp\/v2\/comments?post=1080"}],"version-history":[{"count":29,"href":"https:\/\/proyectosuri.org\/transformarte\/wp-json\/wp\/v2\/pages\/1080\/revisions"}],"predecessor-version":[{"id":1751,"href":"https:\/\/proyectosuri.org\/transformarte\/wp-json\/wp\/v2\/pages\/1080\/revisions\/1751"}],"wp:attachment":[{"href":"https:\/\/proyectosuri.org\/transformarte\/wp-json\/wp\/v2\/media?parent=1080"}],"curies":[{"name":"wp","href":"https:\/\/api.w.org\/{rel}","templated":true}]}}